{"id":618,"date":"2023-12-18T08:26:49","date_gmt":"2023-12-18T08:26:49","guid":{"rendered":"https:\/\/www.hotelvagar.fo\/?page_id=618"},"modified":"2026-04-24T12:04:32","modified_gmt":"2026-04-24T11:04:32","slug":"restaurant","status":"publish","type":"page","link":"https:\/\/www.hotelvagar.fo\/en\/restaurant\/","title":{"rendered":"Restaurant"},"content":{"rendered":"\n<div class=\"wp-block-cover alignfull is-light\"><img loading=\"lazy\" decoding=\"async\" width=\"1600\" height=\"1200\" class=\"wp-block-cover__image-background wp-image-114\" alt=\"\" src=\"http:\/\/www.hotelvagar.fo\/wp-content\/uploads\/2023\/12\/conference.jpg\" data-object-fit=\"cover\" srcset=\"https:\/\/www.hotelvagar.fo\/wp-content\/uploads\/2023\/12\/conference.jpg 1600w, https:\/\/www.hotelvagar.fo\/wp-content\/uploads\/2023\/12\/conference-800x600.jpg 800w, https:\/\/www.hotelvagar.fo\/wp-content\/uploads\/2023\/12\/conference-768x576.jpg 768w, https:\/\/www.hotelvagar.fo\/wp-content\/uploads\/2023\/12\/conference-1536x1152.jpg 1536w\" sizes=\"auto, (max-width: 1600px) 100vw, 1600px\" \/><span aria-hidden=\"true\" class=\"wp-block-cover__background has-red-background-color has-background-dim\"><\/span><div class=\"wp-block-cover__inner-container is-layout-constrained wp-block-cover-is-layout-constrained\">\n<p class=\"has-text-align-center has-large-font-size\"><\/p>\n\n\n\n<h2 class=\"wp-block-heading has-text-align-center has-background-color has-text-color has-link-color wp-elements-4630128275dee7123bdb82c5f8d91ce0\"><strong>HOTEL V\u00c1GAR<\/strong> <strong>RESTAURANT<\/strong><\/h2>\n<\/div><\/div>\n\n\n\n<div style=\"height:60px\" aria-hidden=\"true\" class=\"wp-block-spacer\"><\/div>\n\n\n\n<div class=\"wp-block-group has-brown-100-background-color has-background is-content-justification-center is-nowrap is-layout-flex wp-container-core-group-is-layout-94bc23d7 wp-block-group-is-layout-flex\">\n<div class=\"wp-block-cover wp-container-content-9cfa9a5a\"><img loading=\"lazy\" decoding=\"async\" width=\"1200\" height=\"1600\" class=\"wp-block-cover__image-background wp-image-369 size-large\" alt=\"\" src=\"http:\/\/www.hotelvagar.fo\/wp-content\/uploads\/2024\/05\/240512_HV_Morgunmatur_web_2-1200x1600.jpg\" data-object-fit=\"cover\" srcset=\"https:\/\/www.hotelvagar.fo\/wp-content\/uploads\/2024\/05\/240512_HV_Morgunmatur_web_2-1200x1600.jpg 1200w, https:\/\/www.hotelvagar.fo\/wp-content\/uploads\/2024\/05\/240512_HV_Morgunmatur_web_2-600x800.jpg 600w, https:\/\/www.hotelvagar.fo\/wp-content\/uploads\/2024\/05\/240512_HV_Morgunmatur_web_2-768x1024.jpg 768w, https:\/\/www.hotelvagar.fo\/wp-content\/uploads\/2024\/05\/240512_HV_Morgunmatur_web_2-1152x1536.jpg 1152w, https:\/\/www.hotelvagar.fo\/wp-content\/uploads\/2024\/05\/240512_HV_Morgunmatur_web_2.jpg 1536w\" sizes=\"auto, (max-width: 1200px) 100vw, 1200px\" \/><span aria-hidden=\"true\" class=\"wp-block-cover__background has-red-background-color has-background-dim-30 has-background-dim\"><\/span><div class=\"wp-block-cover__inner-container is-layout-constrained wp-container-core-cover-is-layout-bf5b5480 wp-block-cover-is-layout-constrained\">\n<h5 class=\"wp-block-heading has-text-align-center\"><strong>BREAKFAST<\/strong><\/h5>\n\n\n\n<p class=\"has-large-font-size\">Mon &#8211; Sun 6 AM &#8211; 10 AM<\/p>\n\n\n\n<div class=\"wp-block-buttons is-content-justification-center is-layout-flex wp-container-core-buttons-is-layout-16018d1d wp-block-buttons-is-layout-flex\">\n<div class=\"wp-block-button is-style-fill\"><a class=\"wp-block-button__link wp-element-button\" href=\"https:\/\/book.easytable.com\/book\/?id=aa8a8&amp;lang=auto\">Book table<\/a><\/div>\n<\/div>\n<\/div><\/div>\n\n\n\n<div style=\"height:100px;width:45px\" aria-hidden=\"true\" class=\"wp-block-spacer wp-container-content-95fa6ccb\"><\/div>\n\n\n\n<div class=\"wp-block-cover wp-container-content-9cfa9a5a\"><img loading=\"lazy\" decoding=\"async\" width=\"1200\" height=\"1600\" class=\"wp-block-cover__image-background wp-image-494 size-large\" alt=\"\" src=\"http:\/\/www.hotelvagar.fo\/wp-content\/uploads\/2024\/09\/240822_HV_komur_Matur_CO_fullsize_18-1200x1600.jpg\" data-object-fit=\"cover\" srcset=\"https:\/\/www.hotelvagar.fo\/wp-content\/uploads\/2024\/09\/240822_HV_komur_Matur_CO_fullsize_18-1200x1600.jpg 1200w, https:\/\/www.hotelvagar.fo\/wp-content\/uploads\/2024\/09\/240822_HV_komur_Matur_CO_fullsize_18-600x800.jpg 600w, https:\/\/www.hotelvagar.fo\/wp-content\/uploads\/2024\/09\/240822_HV_komur_Matur_CO_fullsize_18-768x1024.jpg 768w, https:\/\/www.hotelvagar.fo\/wp-content\/uploads\/2024\/09\/240822_HV_komur_Matur_CO_fullsize_18-1152x1536.jpg 1152w, https:\/\/www.hotelvagar.fo\/wp-content\/uploads\/2024\/09\/240822_HV_komur_Matur_CO_fullsize_18-1536x2048.jpg 1536w\" sizes=\"auto, (max-width: 1200px) 100vw, 1200px\" \/><span aria-hidden=\"true\" class=\"wp-block-cover__background has-red-background-color has-background-dim-30 has-background-dim\"><\/span><div class=\"wp-block-cover__inner-container is-layout-constrained wp-container-core-cover-is-layout-bf5b5480 wp-block-cover-is-layout-constrained\">\n<h5 class=\"wp-block-heading has-text-align-center\"><strong>LUNCH<\/strong><\/h5>\n\n\n\n<p class=\"has-text-align-center has-large-font-size\">Mon-Fri 12 AM &#8211; 1:30 PM<\/p>\n\n\n\n<div class=\"wp-block-buttons is-content-justification-center is-layout-flex wp-container-core-buttons-is-layout-16018d1d wp-block-buttons-is-layout-flex\">\n<div class=\"wp-block-button is-style-fill\"><a class=\"wp-block-button__link wp-element-button\" href=\"https:\/\/book.easytable.com\/book\/?id=aa8a8&amp;lang=auto\">Book table<\/a><\/div>\n\n\n\n<div class=\"wp-block-button is-style-fill\"><a class=\"wp-block-button__link wp-element-button\" href=\"https:\/\/www.hotelvagar.fo\/en\/menu-2\/\">Menu<\/a><\/div>\n<\/div>\n<\/div><\/div>\n\n\n\n<div style=\"height:100px;width:45px\" aria-hidden=\"true\" class=\"wp-block-spacer wp-container-content-95fa6ccb\"><\/div>\n\n\n\n<div class=\"wp-block-cover wp-container-content-9cfa9a5a\"><img loading=\"lazy\" decoding=\"async\" width=\"1600\" height=\"1067\" class=\"wp-block-cover__image-background wp-image-1236 size-large\" alt=\"\" src=\"http:\/\/www.hotelvagar.fo\/wp-content\/uploads\/2025\/09\/Krutl_5781_web-1600x1067.jpg\" data-object-fit=\"cover\" srcset=\"https:\/\/www.hotelvagar.fo\/wp-content\/uploads\/2025\/09\/Krutl_5781_web-1600x1067.jpg 1600w, https:\/\/www.hotelvagar.fo\/wp-content\/uploads\/2025\/09\/Krutl_5781_web-800x533.jpg 800w, https:\/\/www.hotelvagar.fo\/wp-content\/uploads\/2025\/09\/Krutl_5781_web-768x512.jpg 768w, https:\/\/www.hotelvagar.fo\/wp-content\/uploads\/2025\/09\/Krutl_5781_web-1536x1024.jpg 1536w, https:\/\/www.hotelvagar.fo\/wp-content\/uploads\/2025\/09\/Krutl_5781_web-2048x1366.jpg 2048w\" sizes=\"auto, (max-width: 1600px) 100vw, 1600px\" \/><span aria-hidden=\"true\" class=\"wp-block-cover__background has-red-background-color has-background-dim-30 has-background-dim\"><\/span><div class=\"wp-block-cover__inner-container is-layout-constrained wp-container-core-cover-is-layout-bf5b5480 wp-block-cover-is-layout-constrained\">\n<h5 class=\"wp-block-heading has-text-align-center\"><strong>DINNER<\/strong><\/h5>\n\n\n\n<p class=\"has-text-align-center\">MAY 11 &#8211; SEPTEMBER 13<\/p>\n\n\n\n<p class=\"has-text-align-center has-large-font-size\">Mon-Fri 5:30 PM &#8211; 8:30 PM<\/p>\n\n\n\n<div class=\"wp-block-buttons is-content-justification-center is-layout-flex wp-container-core-buttons-is-layout-16018d1d wp-block-buttons-is-layout-flex\">\n<div class=\"wp-block-button is-style-fill\"><a class=\"wp-block-button__link wp-element-button\" href=\"https:\/\/book.easytable.com\/book\/?id=aa8a8&amp;lang=auto\">Book table<\/a><\/div>\n\n\n\n<div class=\"wp-block-button is-style-fill\"><a class=\"wp-block-button__link wp-element-button\" href=\"https:\/\/www.hotelvagar.fo\/en\/menu\/\">Menu<\/a><\/div>\n<\/div>\n<\/div><\/div>\n<\/div>\n\n\n\n<div class=\"wp-block-columns is-layout-flex wp-container-core-columns-is-layout-9d6595d7 wp-block-columns-is-layout-flex\">\n<div class=\"wp-block-column is-layout-flow wp-block-column-is-layout-flow\"><\/div>\n\n\n\n<div class=\"wp-block-column is-layout-flow wp-block-column-is-layout-flow\"><\/div>\n<\/div>\n\n\n\n<div style=\"height:100px\" aria-hidden=\"true\" class=\"wp-block-spacer\"><\/div>\n\n\n\n<div class=\"wp-block-group alignfull has-red-background-color has-background is-layout-constrained wp-block-group-is-layout-constrained\">\n<div class=\"wp-block-columns alignwide is-layout-flex wp-container-core-columns-is-layout-9d6595d7 wp-block-columns-is-layout-flex\">\n<div class=\"wp-block-column is-layout-flow wp-block-column-is-layout-flow\"><\/div>\n\n\n\n<div class=\"wp-block-column is-layout-flow wp-block-column-is-layout-flow\">\n<div style=\"height:78px\" aria-hidden=\"true\" class=\"wp-block-spacer\"><\/div>\n\n\n\n<h2 class=\"wp-block-heading has-text-align-center has-white-color has-text-color has-link-color wp-elements-81fb70f94e9bf36169a60a2824c94ed3\">N\u00fdtt Hotell. <br>N\u00fdggj k\u00f8mur.<\/h2>\n\n\n\n<p class=\"has-text-align-center has-white-color has-text-color has-link-color wp-elements-93b884e017c3fd77d892a652e1ac4c5e\">\u00d8ll k\u00f8mur eru tey \u00fatgj\u00f8rd vi\u00f0 \u00f3keypis WiFi, 50\u201d sj\u00f3nvarp, arbei\u00f0sbor\u00f0, arbei\u00f0sst\u00f3lur og kaffi og te heintleikar\u2013 alt so t\u00fa f\u00f8lir teg sum heima.<\/p>\n\n\n\n<div style=\"height:50px\" aria-hidden=\"true\" class=\"wp-block-spacer\"><\/div>\n<\/div>\n\n\n\n<div class=\"wp-block-column is-layout-flow wp-block-column-is-layout-flow\"><\/div>\n<\/div>\n\n\n\n<div id=\"rooms_block_427272241531bd2308fe712795a9949b\" class=\"lunnar-rooms alignwide\">\n\n    \n\n            <div class=\"rooms-list\">\n            \n                <div class=\"room-card\">\n                                            <img loading=\"lazy\" decoding=\"async\" src=\"https:\/\/www.hotelvagar.fo\/wp-content\/uploads\/2024\/10\/240822_HV_komur_Matur_CO_fullsize_25-1600x1200.jpg\" width=\"8256\" height=\"6192\" alt=\"\" style=\"object-position: 50% 50%;\">\n                    \n                                            <div class=\"room-badge\">13 fermetrar <\/div>\n                    \n                    <div class=\"room-card--content\">\n                        <h4>Double\/Twin<\/h4>\n\n                                                    <p>Kamari\u00f0 hevur eina dupultsong \u00e1 180 x 200 cm ella tv\u00e6r einkult sengur \u00e1 90 x 200 cm hv\u00f8r. <\/p>\n                                            <\/div>\n\n                <\/div>\n\n            \n                <div class=\"room-card\">\n                                            <img loading=\"lazy\" decoding=\"async\" src=\"https:\/\/www.hotelvagar.fo\/wp-content\/uploads\/2024\/10\/240822_HV_komur_Matur_CO_fullsize_30-1600x1200.jpg\" width=\"8256\" height=\"6192\" alt=\"\" style=\"object-position: 50% 50%;\">\n                    \n                                            <div class=\"room-badge\">13 fermetrar <\/div>\n                    \n                    <div class=\"room-card--content\">\n                        <h4>Double\/Twin View<\/h4>\n\n                                                    <p>Kamari\u00f0 hevur eina dupultsong \u00e1 180 x 200 cm ella tv\u00e6r einkult sengur \u00e1 90 x 200 cm hv\u00f8r. \r\n<\/p>\n                                            <\/div>\n\n                <\/div>\n\n            \n                <div class=\"room-card\">\n                                            <img loading=\"lazy\" decoding=\"async\" src=\"https:\/\/www.hotelvagar.fo\/wp-content\/uploads\/2024\/10\/240822_HV_komur_Matur_CO_fullsize_35-1600x1200.jpg\" width=\"7946\" height=\"5960\" alt=\"\" style=\"object-position: 50% 50%;\">\n                    \n                                            <div class=\"room-badge\">30 fermetrar <\/div>\n                    \n                    <div class=\"room-card--content\">\n                        <h4>Superior<\/h4>\n\n                                                    <p>Kamari\u00f0 hevur eina dupultsong \u00e1 180 x 200 cm ella tv\u00e6r einkult sengur \u00e1 90 x 200 cm hv\u00f8r, og er sera v\u00e6legna\u00f0 til p\u00f8r ella vinf\u00f3lk.<\/p>\n                                            <\/div>\n\n                <\/div>\n\n            \n                <div class=\"room-card\">\n                                            <img loading=\"lazy\" decoding=\"async\" src=\"https:\/\/www.hotelvagar.fo\/wp-content\/uploads\/2024\/10\/240822_HV_komur_Matur_CO_fullsize_32-1600x1200.jpg\" width=\"8041\" height=\"6030\" alt=\"\" style=\"object-position: 50% 50%;\">\n                    \n                                            <div class=\"room-badge\">30 fermetrar <\/div>\n                    \n                    <div class=\"room-card--content\">\n                        <h4>Family<\/h4>\n\n                                                    <p>Kamari\u00f0 hevur eina dupultsong \u00e1 180 x 200 cm ella tv\u00e6r einkult sengur \u00e1 90 x 200 cm hv\u00f8r, og er sera v\u00e6legna\u00f0 til barnafamiljur.<\/p>\n                                            <\/div>\n\n                <\/div>\n\n                    <\/div>\n    <\/div>\n\n\n<div style=\"height:65px\" aria-hidden=\"true\" class=\"wp-block-spacer\"><\/div>\n\n\n\n<div class=\"wp-block-buttons is-content-justification-center is-layout-flex wp-container-core-buttons-is-layout-16018d1d wp-block-buttons-is-layout-flex\">\n<div class=\"wp-block-button\"><a class=\"wp-block-button__link has-text-align-left wp-element-button\" href=\"https:\/\/property.godo.is\/booking.php?propid=193866&amp;referer=BookingLink\" target=\"_blank\" rel=\"noreferrer noopener\">B\u00edlegg kamar<\/a><\/div>\n<\/div>\n\n\n\n<div style=\"height:80px\" aria-hidden=\"true\" class=\"wp-block-spacer\"><\/div>\n<\/div>\n\n\n\n<div style=\"height:100px\" aria-hidden=\"true\" class=\"wp-block-spacer\"><\/div>\n\n\n\n<div class=\"wp-block-media-text alignwide is-stacked-on-mobile is-vertically-aligned-center\" style=\"grid-template-columns:53% auto\"><figure class=\"wp-block-media-text__media\"><img loading=\"lazy\" decoding=\"async\" width=\"1600\" height=\"1200\" src=\"http:\/\/www.hotelvagar.fo\/wp-content\/uploads\/2025\/03\/240822_HV_komur_Matur_CO_fullsize_48-1600x1200.jpg\" alt=\"\" class=\"wp-image-875 size-full\" srcset=\"https:\/\/www.hotelvagar.fo\/wp-content\/uploads\/2025\/03\/240822_HV_komur_Matur_CO_fullsize_48-1600x1200.jpg 1600w, https:\/\/www.hotelvagar.fo\/wp-content\/uploads\/2025\/03\/240822_HV_komur_Matur_CO_fullsize_48-800x600.jpg 800w, https:\/\/www.hotelvagar.fo\/wp-content\/uploads\/2025\/03\/240822_HV_komur_Matur_CO_fullsize_48-768x576.jpg 768w, https:\/\/www.hotelvagar.fo\/wp-content\/uploads\/2025\/03\/240822_HV_komur_Matur_CO_fullsize_48-1536x1152.jpg 1536w, https:\/\/www.hotelvagar.fo\/wp-content\/uploads\/2025\/03\/240822_HV_komur_Matur_CO_fullsize_48-2048x1536.jpg 2048w\" sizes=\"auto, (max-width: 1600px) 100vw, 1600px\" \/><\/figure><div class=\"wp-block-media-text__content\">\n<h2 class=\"wp-block-heading\">Fundurin ver\u00f0ur hildin \u00e1 <strong>Hotel V\u00e1gum<\/strong><\/h2>\n\n\n\n<p>Vi\u00f0 tveimum n\u00fdggjum fundarh\u00f8lum og spennandi fundarmatskr\u00e1, tryggja vit eitt fram\u00far fundarupplivilsi her vestri.<\/p>\n\n\n\n<div class=\"wp-block-buttons is-layout-flex wp-block-buttons-is-layout-flex\">\n<div class=\"wp-block-button\"><a class=\"wp-block-button__link wp-element-button\" href=\"https:\/\/www.hotelvagar.fo\/fundir\/\">Les meira<\/a><\/div>\n<\/div>\n<\/div><\/div>\n\n\n\n<div style=\"height:100px\" aria-hidden=\"true\" class=\"wp-block-spacer\"><\/div>\n","protected":false},"excerpt":{"rendered":"","protected":false},"author":6,"featured_media":0,"parent":0,"menu_order":0,"comment_status":"closed","ping_status":"closed","template":"","meta":{"_acf_changed":false,"_kad_blocks_custom_css":"","_kad_blocks_head_custom_js":"","_kad_blocks_body_custom_js":"","_kad_blocks_footer_custom_js":"","footnotes":""},"class_list":["post-618","page","type-page","status-publish","hentry"],"acf":[],"yoast_head":"<!-- This site is optimized with the Yoast SEO plugin v27.5 - https:\/\/yoast.com\/product\/yoast-seo-wordpress\/ -->\n<title>Restaurant - Hotel V\u00e1gar<\/title>\n<meta name=\"robots\" content=\"index, follow, max-snippet:-1, max-image-preview:large, max-video-preview:-1\" \/>\n<link rel=\"canonical\" href=\"https:\/\/www.hotelvagar.fo\/en\/restaurant\/\" \/>\n<meta property=\"og:locale\" content=\"en_US\" \/>\n<meta property=\"og:type\" content=\"article\" \/>\n<meta property=\"og:title\" content=\"Restaurant - Hotel V\u00e1gar\" \/>\n<meta property=\"og:url\" content=\"https:\/\/www.hotelvagar.fo\/en\/restaurant\/\" \/>\n<meta property=\"og:site_name\" content=\"Hotel V\u00e1gar\" \/>\n<meta property=\"article:modified_time\" content=\"2026-04-24T11:04:32+00:00\" \/>\n<meta property=\"og:image\" content=\"https:\/\/www.hotelvagar.fo\/wp-content\/uploads\/2023\/12\/conference.jpg\" \/>\n\t<meta property=\"og:image:width\" content=\"1600\" \/>\n\t<meta property=\"og:image:height\" content=\"1200\" \/>\n\t<meta property=\"og:image:type\" content=\"image\/jpeg\" \/>\n<meta name=\"twitter:card\" content=\"summary_large_image\" \/>\n<meta name=\"twitter:label1\" content=\"Est. reading time\" \/>\n\t<meta name=\"twitter:data1\" content=\"2 minutes\" \/>\n<script type=\"application\/ld+json\" class=\"yoast-schema-graph\">{\"@context\":\"https:\\\/\\\/schema.org\",\"@graph\":[{\"@type\":\"WebPage\",\"@id\":\"https:\\\/\\\/www.hotelvagar.fo\\\/en\\\/restaurant\\\/\",\"url\":\"https:\\\/\\\/www.hotelvagar.fo\\\/en\\\/restaurant\\\/\",\"name\":\"Restaurant - Hotel V\u00e1gar\",\"isPartOf\":{\"@id\":\"http:\\\/\\\/www.hotelvagar.fo\\\/en\\\/#website\"},\"primaryImageOfPage\":{\"@id\":\"https:\\\/\\\/www.hotelvagar.fo\\\/en\\\/restaurant\\\/#primaryimage\"},\"image\":{\"@id\":\"https:\\\/\\\/www.hotelvagar.fo\\\/en\\\/restaurant\\\/#primaryimage\"},\"thumbnailUrl\":\"http:\\\/\\\/www.hotelvagar.fo\\\/wp-content\\\/uploads\\\/2023\\\/12\\\/conference.jpg\",\"datePublished\":\"2023-12-18T08:26:49+00:00\",\"dateModified\":\"2026-04-24T11:04:32+00:00\",\"breadcrumb\":{\"@id\":\"https:\\\/\\\/www.hotelvagar.fo\\\/en\\\/restaurant\\\/#breadcrumb\"},\"inLanguage\":\"en-US\",\"potentialAction\":[{\"@type\":\"ReadAction\",\"target\":[\"https:\\\/\\\/www.hotelvagar.fo\\\/en\\\/restaurant\\\/\"]}]},{\"@type\":\"ImageObject\",\"inLanguage\":\"en-US\",\"@id\":\"https:\\\/\\\/www.hotelvagar.fo\\\/en\\\/restaurant\\\/#primaryimage\",\"url\":\"http:\\\/\\\/www.hotelvagar.fo\\\/wp-content\\\/uploads\\\/2023\\\/12\\\/conference.jpg\",\"contentUrl\":\"http:\\\/\\\/www.hotelvagar.fo\\\/wp-content\\\/uploads\\\/2023\\\/12\\\/conference.jpg\"},{\"@type\":\"BreadcrumbList\",\"@id\":\"https:\\\/\\\/www.hotelvagar.fo\\\/en\\\/restaurant\\\/#breadcrumb\",\"itemListElement\":[{\"@type\":\"ListItem\",\"position\":1,\"name\":\"Home\",\"item\":\"https:\\\/\\\/www.hotelvagar.fo\\\/en\\\/\"},{\"@type\":\"ListItem\",\"position\":2,\"name\":\"Restaurant\"}]},{\"@type\":\"WebSite\",\"@id\":\"http:\\\/\\\/www.hotelvagar.fo\\\/en\\\/#website\",\"url\":\"http:\\\/\\\/www.hotelvagar.fo\\\/en\\\/\",\"name\":\"Hotel V\u00e1gar\",\"description\":\"\",\"potentialAction\":[{\"@type\":\"SearchAction\",\"target\":{\"@type\":\"EntryPoint\",\"urlTemplate\":\"http:\\\/\\\/www.hotelvagar.fo\\\/en\\\/?s={search_term_string}\"},\"query-input\":{\"@type\":\"PropertyValueSpecification\",\"valueRequired\":true,\"valueName\":\"search_term_string\"}}],\"inLanguage\":\"en-US\"}]}<\/script>\n<!-- \/ Yoast SEO plugin. -->","yoast_head_json":{"title":"Restaurant - Hotel V\u00e1gar","robots":{"index":"index","follow":"follow","max-snippet":"max-snippet:-1","max-image-preview":"max-image-preview:large","max-video-preview":"max-video-preview:-1"},"canonical":"https:\/\/www.hotelvagar.fo\/en\/restaurant\/","og_locale":"en_US","og_type":"article","og_title":"Restaurant - Hotel V\u00e1gar","og_url":"https:\/\/www.hotelvagar.fo\/en\/restaurant\/","og_site_name":"Hotel V\u00e1gar","article_modified_time":"2026-04-24T11:04:32+00:00","og_image":[{"width":1600,"height":1200,"url":"https:\/\/www.hotelvagar.fo\/wp-content\/uploads\/2023\/12\/conference.jpg","type":"image\/jpeg"}],"twitter_card":"summary_large_image","twitter_misc":{"Est. reading time":"2 minutes"},"schema":{"@context":"https:\/\/schema.org","@graph":[{"@type":"WebPage","@id":"https:\/\/www.hotelvagar.fo\/en\/restaurant\/","url":"https:\/\/www.hotelvagar.fo\/en\/restaurant\/","name":"Restaurant - Hotel V\u00e1gar","isPartOf":{"@id":"http:\/\/www.hotelvagar.fo\/en\/#website"},"primaryImageOfPage":{"@id":"https:\/\/www.hotelvagar.fo\/en\/restaurant\/#primaryimage"},"image":{"@id":"https:\/\/www.hotelvagar.fo\/en\/restaurant\/#primaryimage"},"thumbnailUrl":"http:\/\/www.hotelvagar.fo\/wp-content\/uploads\/2023\/12\/conference.jpg","datePublished":"2023-12-18T08:26:49+00:00","dateModified":"2026-04-24T11:04:32+00:00","breadcrumb":{"@id":"https:\/\/www.hotelvagar.fo\/en\/restaurant\/#breadcrumb"},"inLanguage":"en-US","potentialAction":[{"@type":"ReadAction","target":["https:\/\/www.hotelvagar.fo\/en\/restaurant\/"]}]},{"@type":"ImageObject","inLanguage":"en-US","@id":"https:\/\/www.hotelvagar.fo\/en\/restaurant\/#primaryimage","url":"http:\/\/www.hotelvagar.fo\/wp-content\/uploads\/2023\/12\/conference.jpg","contentUrl":"http:\/\/www.hotelvagar.fo\/wp-content\/uploads\/2023\/12\/conference.jpg"},{"@type":"BreadcrumbList","@id":"https:\/\/www.hotelvagar.fo\/en\/restaurant\/#breadcrumb","itemListElement":[{"@type":"ListItem","position":1,"name":"Home","item":"https:\/\/www.hotelvagar.fo\/en\/"},{"@type":"ListItem","position":2,"name":"Restaurant"}]},{"@type":"WebSite","@id":"http:\/\/www.hotelvagar.fo\/en\/#website","url":"http:\/\/www.hotelvagar.fo\/en\/","name":"Hotel V\u00e1gar","description":"","potentialAction":[{"@type":"SearchAction","target":{"@type":"EntryPoint","urlTemplate":"http:\/\/www.hotelvagar.fo\/en\/?s={search_term_string}"},"query-input":{"@type":"PropertyValueSpecification","valueRequired":true,"valueName":"search_term_string"}}],"inLanguage":"en-US"}]}},"taxonomy_info":[],"featured_image_src_large":false,"author_info":{"display_name":"Bj\u00f8rg Jarnskor","author_link":"https:\/\/www.hotelvagar.fo\/en\/author\/bjorgj\/"},"comment_info":0,"_links":{"self":[{"href":"https:\/\/www.hotelvagar.fo\/en\/wp-json\/wp\/v2\/pages\/618","targetHints":{"allow":["GET"]}}],"collection":[{"href":"https:\/\/www.hotelvagar.fo\/en\/wp-json\/wp\/v2\/pages"}],"about":[{"href":"https:\/\/www.hotelvagar.fo\/en\/wp-json\/wp\/v2\/types\/page"}],"author":[{"embeddable":true,"href":"https:\/\/www.hotelvagar.fo\/en\/wp-json\/wp\/v2\/users\/6"}],"replies":[{"embeddable":true,"href":"https:\/\/www.hotelvagar.fo\/en\/wp-json\/wp\/v2\/comments?post=618"}],"version-history":[{"count":34,"href":"https:\/\/www.hotelvagar.fo\/en\/wp-json\/wp\/v2\/pages\/618\/revisions"}],"predecessor-version":[{"id":1871,"href":"https:\/\/www.hotelvagar.fo\/en\/wp-json\/wp\/v2\/pages\/618\/revisions\/1871"}],"wp:attachment":[{"href":"https:\/\/www.hotelvagar.fo\/en\/wp-json\/wp\/v2\/media?parent=618"}],"curies":[{"name":"wp","href":"https:\/\/api.w.org\/{rel}","templated":true}]}}