{"id":613,"date":"2024-08-20T14:18:32","date_gmt":"2024-08-20T13:18:32","guid":{"rendered":"https:\/\/www.hotelvagar.fo\/?page_id=613"},"modified":"2025-08-25T15:40:48","modified_gmt":"2025-08-25T14:40:48","slug":"menu","status":"publish","type":"page","link":"https:\/\/www.hotelvagar.fo\/en\/menu\/","title":{"rendered":"Menu Dinner"},"content":{"rendered":"\n<div class=\"wp-block-group alignfull is-style-default is-layout-constrained wp-container-core-group-is-layout-e18555ae wp-block-group-is-layout-constrained\">\n<h2 class=\"wp-block-heading has-text-align-center\">Menu<\/h2>\n\n\n\n<div style=\"height:32px\" aria-hidden=\"true\" class=\"wp-block-spacer\"><\/div>\n\n\n\n<div class=\"wp-block-group is-style-menu-group is-layout-constrained wp-block-group-is-layout-constrained\">\n<h5 class=\"wp-block-heading has-text-align-center\">STARTERS<\/h5>\n\n\n\n<div class=\"wp-block-group is-content-justification-space-between is-nowrap is-layout-flex wp-container-core-group-is-layout-0dfbf163 wp-block-group-is-layout-flex\">\n<p class=\"has-text-align-left\"><strong>FISH SOUP<\/strong>&nbsp;\u2013 Scallops \u2013 Sour cream<\/p>\n\n\n\n<p class=\"has-text-align-right\">105<\/p>\n<\/div>\n\n\n\n<div class=\"wp-block-group is-content-justification-space-between is-nowrap is-layout-flex wp-container-core-group-is-layout-0dfbf163 wp-block-group-is-layout-flex\">\n<p class=\"has-text-align-left\"><strong>SMOKED SALMON<\/strong>&nbsp;\u2013 Fried Cauliflower \u2013 Lemon Vinaigrette \u2013 Pickled Red Onion<\/p>\n\n\n\n<p class=\"has-text-align-right\">105<\/p>\n<\/div>\n\n\n\n<div class=\"wp-block-group is-content-justification-space-between is-nowrap is-layout-flex wp-container-core-group-is-layout-0dfbf163 wp-block-group-is-layout-flex\">\n<p class=\"has-text-align-left\"><strong>COD MOSAIC<\/strong>&nbsp;\u2013 Cream Cheese \u2013 Passion Fruit \u2013 Beetroot Chips<\/p>\n\n\n\n<p class=\"has-text-align-right\">105<\/p>\n<\/div>\n\n\n\n<div style=\"height:32px;width:0px\" aria-hidden=\"true\" class=\"wp-block-spacer\"><\/div>\n<\/div>\n\n\n\n<div class=\"wp-block-group is-style-menu-group is-layout-constrained wp-block-group-is-layout-constrained\">\n<h5 class=\"wp-block-heading has-text-align-center\">MAINS<\/h5>\n\n\n\n<div class=\"wp-block-group is-content-justification-space-between is-nowrap is-layout-flex wp-container-core-group-is-layout-0dfbf163 wp-block-group-is-layout-flex\">\n<p class=\"has-text-align-left\"><strong>LANGOUSTINE<\/strong>&nbsp;\u2013 Limoncello Vinaigrette \u2013 Bell Pepper Mayo \u2013 Herbs<\/p>\n\n\n\n<p class=\"has-text-align-right\">305<\/p>\n<\/div>\n\n\n\n<div class=\"wp-block-group is-content-justification-space-between is-nowrap is-layout-flex wp-container-core-group-is-layout-0dfbf163 wp-block-group-is-layout-flex\">\n<p class=\"has-text-align-left\"><strong>TERES MAJOR STEAK<\/strong>&nbsp;\u2013 Red Wine Sauce \u2013 Green Asparagus \u2013 Chive Oil<\/p>\n\n\n\n<p class=\"has-text-align-right\">305<\/p>\n<\/div>\n\n\n\n<div class=\"wp-block-group is-content-justification-space-between is-nowrap is-layout-flex wp-container-core-group-is-layout-0dfbf163 wp-block-group-is-layout-flex\">\n<p class=\"has-text-align-left\"><strong>LAMB SHANK<\/strong>&nbsp;\u2013 Cauliflower Pur\u00e9 \u2013 Roasted Jerusalem Artichokes \u2013 Celeriac Sauce<\/p>\n\n\n\n<p class=\"has-text-align-right\">285<\/p>\n<\/div>\n\n\n\n<div class=\"wp-block-group is-content-justification-space-between is-nowrap is-layout-flex wp-container-core-group-is-layout-0dfbf163 wp-block-group-is-layout-flex\">\n<p class=\"has-text-align-left\"><strong>STEAMED ROSE FISH<\/strong>&nbsp;\u2013 White Asparagus \u2013 Romanesco Salad \u2013 Beurre Blanc<\/p>\n\n\n\n<p class=\"has-text-align-right\">285<\/p>\n<\/div>\n\n\n\n<div class=\"wp-block-group is-content-justification-space-between is-nowrap is-layout-flex wp-container-core-group-is-layout-0dfbf163 wp-block-group-is-layout-flex\">\n<p class=\"has-text-align-left\"><strong><strong>GRILLED LETTUCE<\/strong><\/strong>&nbsp;\u2013 Aubergine &amp; Tomato Purr\u00e9 \u2013 White Asparagus Croudit\u00e9<\/p>\n\n\n\n<p class=\"has-text-align-right\">225<\/p>\n<\/div>\n\n\n\n<div style=\"height:32px;width:0px\" aria-hidden=\"true\" class=\"wp-block-spacer\"><\/div>\n<\/div>\n\n\n\n<div class=\"wp-block-group is-style-menu-group is-layout-constrained wp-block-group-is-layout-constrained\">\n<h5 class=\"wp-block-heading has-text-align-center\">SIDES<\/h5>\n\n\n\n<div class=\"wp-block-group is-content-justification-space-between is-nowrap is-layout-flex wp-container-core-group-is-layout-0dfbf163 wp-block-group-is-layout-flex\">\n<p class=\"has-text-align-left\"><strong>ROASTED POTATOES<\/strong><\/p>\n\n\n\n<p class=\"has-text-align-right\">45<\/p>\n<\/div>\n\n\n\n<div class=\"wp-block-group is-content-justification-space-between is-nowrap is-layout-flex wp-container-core-group-is-layout-0dfbf163 wp-block-group-is-layout-flex\">\n<p class=\"has-text-align-left\"><strong>FRIES &amp; MAYO<\/strong><\/p>\n\n\n\n<p class=\"has-text-align-right\">45<\/p>\n<\/div>\n\n\n\n<div style=\"height:32px;width:0px\" aria-hidden=\"true\" class=\"wp-block-spacer\"><\/div>\n<\/div>\n\n\n\n<div class=\"wp-block-group is-style-menu-group is-layout-constrained wp-block-group-is-layout-constrained\">\n<h5 class=\"wp-block-heading has-text-align-center\">PIZZA<\/h5>\n\n\n\n<div class=\"wp-block-group is-content-justification-space-between is-nowrap is-layout-flex wp-container-core-group-is-layout-0dfbf163 wp-block-group-is-layout-flex\">\n<p class=\"has-text-align-left\"><strong>MARGHERITA<\/strong>&nbsp;\u2013 Tomato Sauce \u2013 Mozzarella<\/p>\n\n\n\n<p class=\"has-text-align-right\">150<\/p>\n<\/div>\n\n\n\n<div class=\"wp-block-group is-content-justification-space-between is-nowrap is-layout-flex wp-container-core-group-is-layout-0dfbf163 wp-block-group-is-layout-flex\">\n<p class=\"has-text-align-left\"><strong>SALAMI<\/strong>&nbsp;\u2013 Tomato Sauce \u2013 Mozzarella \u2013 Salami<\/p>\n\n\n\n<p class=\"has-text-align-right\">150<\/p>\n<\/div>\n\n\n\n<div style=\"height:32px;width:0px\" aria-hidden=\"true\" class=\"wp-block-spacer\"><\/div>\n<\/div>\n\n\n\n<div class=\"wp-block-group is-style-menu-group is-layout-constrained wp-block-group-is-layout-constrained\">\n<h5 class=\"wp-block-heading has-text-align-center\">DESSERTS<\/h5>\n\n\n\n<div class=\"wp-block-group is-content-justification-space-between is-nowrap is-layout-flex wp-container-core-group-is-layout-0dfbf163 wp-block-group-is-layout-flex\">\n<p class=\"has-text-align-left\"><strong>SABAYONNE<\/strong>&nbsp;\u2013 Strawberries \u2013 Burned White Chocolate<\/p>\n\n\n\n<p class=\"has-text-align-right\">95<\/p>\n<\/div>\n\n\n\n<div class=\"wp-block-group is-content-justification-space-between is-nowrap is-layout-flex wp-container-core-group-is-layout-0dfbf163 wp-block-group-is-layout-flex\">\n<p class=\"has-text-align-left\"><strong>LEMON PIE<\/strong>&nbsp;\u2013 Italian Meringue<\/p>\n\n\n\n<p class=\"has-text-align-right\">95<\/p>\n<\/div>\n\n\n\n<div class=\"wp-block-group is-content-justification-space-between is-nowrap is-layout-flex wp-container-core-group-is-layout-0dfbf163 wp-block-group-is-layout-flex\">\n<p class=\"has-text-align-left\"><strong>LIME PARFAIT<\/strong>&nbsp;\u2013 Apples \u2013 Oat Crumble \u2013 Mint<\/p>\n\n\n\n<p class=\"has-text-align-right\">95<\/p>\n<\/div>\n\n\n\n<div style=\"height:32px;width:0px\" aria-hidden=\"true\" class=\"wp-block-spacer\"><\/div>\n<\/div>\n\n\n\n<div class=\"wp-block-group is-style-menu-group is-layout-constrained wp-block-group-is-layout-constrained\">\n<h5 class=\"wp-block-heading has-text-align-center\">KIDS MENU<\/h5>\n\n\n\n<div class=\"wp-block-group is-content-justification-space-between is-nowrap is-layout-flex wp-container-core-group-is-layout-0dfbf163 wp-block-group-is-layout-flex\">\n<p class=\"has-text-align-left\"><strong>NUGGETS&nbsp;<\/strong>\u2013 Fries<\/p>\n\n\n\n<p class=\"has-text-align-right\">65<\/p>\n<\/div>\n\n\n\n<div class=\"wp-block-group is-content-justification-space-between is-nowrap is-layout-flex wp-container-core-group-is-layout-0dfbf163 wp-block-group-is-layout-flex\">\n<p class=\"has-text-align-left\"><strong>FISH<\/strong>&nbsp;\u2013 Fries<\/p>\n\n\n\n<p class=\"has-text-align-right\">65<\/p>\n<\/div>\n\n\n\n<div style=\"height:32px;width:0px\" aria-hidden=\"true\" class=\"wp-block-spacer\"><\/div>\n<\/div>\n\n\n\n<div class=\"wp-block-group is-style-menu-group is-layout-constrained wp-block-group-is-layout-constrained\">\n<h5 class=\"wp-block-heading has-text-align-center\">DESSERT<\/h5>\n\n\n\n<div class=\"wp-block-group is-content-justification-space-between is-nowrap is-layout-flex wp-container-core-group-is-layout-0dfbf163 wp-block-group-is-layout-flex\">\n<p class=\"has-text-align-left\"><strong>ICE CREAM<\/strong>&nbsp;\u2013 Pancake<\/p>\n\n\n\n<p class=\"has-text-align-right\">45<\/p>\n<\/div>\n\n\n\n<div style=\"height:32px;width:0px\" aria-hidden=\"true\" class=\"wp-block-spacer\"><\/div>\n<\/div>\n\n\n\n<div class=\"wp-block-group is-layout-constrained wp-block-group-is-layout-constrained\">\n<div style=\"height:40px\" aria-hidden=\"true\" class=\"wp-block-spacer\"><\/div>\n\n\n\n<p class=\"has-text-align-center has-small-font-size\" style=\"font-style:normal;font-weight:600;letter-spacing:3px;text-transform:uppercase\"><\/p>\n<\/div>\n\n\n\n<p class=\"has-text-align-center\">Vinarliga lat t\u00e6narin fr\u00e6tta um ovurvi\u00f0kv\u00e6mi ella serligan kost<br>Fyrivarni ver\u00f0ur tiki\u00f0 fyri broytingum \u00ed matskr\u00e1nni<br>ALLIR PR\u00cdSIR ERU \u00cd DKK<\/p>\n<\/div>\n","protected":false},"excerpt":{"rendered":"<p>Menu STARTERS FISH SOUP&nbsp;\u2013 Scallops \u2013 Sour cream 105 SMOKED SALMON&nbsp;\u2013 Fried Cauliflower \u2013 Lemon Vinaigrette \u2013 Pickled Red Onion 105 COD MOSAIC&nbsp;\u2013 Cream Cheese \u2013 Passion Fruit \u2013 Beetroot Chips 105 MAINS LANGOUSTINE&nbsp;\u2013 Limoncello Vinaigrette \u2013 Bell Pepper Mayo \u2013 Herbs 305 TERES MAJOR STEAK&nbsp;\u2013 Red Wine Sauce \u2013 Green Asparagus \u2013 Chive Oil [&hellip;]<\/p>\n","protected":false},"author":6,"featured_media":0,"parent":0,"menu_order":0,"comment_status":"closed","ping_status":"closed","template":"","meta":{"_acf_changed":false,"_kad_blocks_custom_css":"","_kad_blocks_head_custom_js":"","_kad_blocks_body_custom_js":"","_kad_blocks_footer_custom_js":"","footnotes":""},"class_list":["post-613","page","type-page","status-publish","hentry"],"acf":[],"yoast_head":"<!-- This site is optimized with the Yoast SEO plugin v27.3 - https:\/\/yoast.com\/product\/yoast-seo-wordpress\/ -->\n<title>Menu Dinner - Hotel V\u00e1gar<\/title>\n<meta name=\"robots\" content=\"index, follow, max-snippet:-1, max-image-preview:large, max-video-preview:-1\" \/>\n<link rel=\"canonical\" href=\"https:\/\/www.hotelvagar.fo\/en\/menu\/\" \/>\n<meta property=\"og:locale\" content=\"en_US\" \/>\n<meta property=\"og:type\" content=\"article\" \/>\n<meta property=\"og:title\" content=\"Menu Dinner - Hotel V\u00e1gar\" \/>\n<meta property=\"og:description\" content=\"Menu STARTERS FISH SOUP&nbsp;\u2013 Scallops \u2013 Sour cream 105 SMOKED SALMON&nbsp;\u2013 Fried Cauliflower \u2013 Lemon Vinaigrette \u2013 Pickled Red Onion 105 COD MOSAIC&nbsp;\u2013 Cream Cheese \u2013 Passion Fruit \u2013 Beetroot Chips 105 MAINS LANGOUSTINE&nbsp;\u2013 Limoncello Vinaigrette \u2013 Bell Pepper Mayo \u2013 Herbs 305 TERES MAJOR STEAK&nbsp;\u2013 Red Wine Sauce \u2013 Green Asparagus \u2013 Chive Oil [&hellip;]\" \/>\n<meta property=\"og:url\" content=\"https:\/\/www.hotelvagar.fo\/en\/menu\/\" \/>\n<meta property=\"og:site_name\" content=\"Hotel V\u00e1gar\" \/>\n<meta property=\"article:modified_time\" content=\"2025-08-25T14:40:48+00:00\" \/>\n<meta name=\"twitter:card\" content=\"summary_large_image\" \/>\n<meta name=\"twitter:label1\" content=\"Est. reading time\" \/>\n\t<meta name=\"twitter:data1\" content=\"1 minute\" \/>\n<script type=\"application\/ld+json\" class=\"yoast-schema-graph\">{\"@context\":\"https:\\\/\\\/schema.org\",\"@graph\":[{\"@type\":\"WebPage\",\"@id\":\"https:\\\/\\\/www.hotelvagar.fo\\\/en\\\/menu\\\/\",\"url\":\"https:\\\/\\\/www.hotelvagar.fo\\\/en\\\/menu\\\/\",\"name\":\"Menu Dinner - Hotel V\u00e1gar\",\"isPartOf\":{\"@id\":\"http:\\\/\\\/www.hotelvagar.fo\\\/en\\\/#website\"},\"datePublished\":\"2024-08-20T13:18:32+00:00\",\"dateModified\":\"2025-08-25T14:40:48+00:00\",\"breadcrumb\":{\"@id\":\"https:\\\/\\\/www.hotelvagar.fo\\\/en\\\/menu\\\/#breadcrumb\"},\"inLanguage\":\"en-US\",\"potentialAction\":[{\"@type\":\"ReadAction\",\"target\":[\"https:\\\/\\\/www.hotelvagar.fo\\\/en\\\/menu\\\/\"]}]},{\"@type\":\"BreadcrumbList\",\"@id\":\"https:\\\/\\\/www.hotelvagar.fo\\\/en\\\/menu\\\/#breadcrumb\",\"itemListElement\":[{\"@type\":\"ListItem\",\"position\":1,\"name\":\"Home\",\"item\":\"https:\\\/\\\/www.hotelvagar.fo\\\/en\\\/\"},{\"@type\":\"ListItem\",\"position\":2,\"name\":\"Menu Dinner\"}]},{\"@type\":\"WebSite\",\"@id\":\"http:\\\/\\\/www.hotelvagar.fo\\\/en\\\/#website\",\"url\":\"http:\\\/\\\/www.hotelvagar.fo\\\/en\\\/\",\"name\":\"Hotel V\u00e1gar\",\"description\":\"\",\"potentialAction\":[{\"@type\":\"SearchAction\",\"target\":{\"@type\":\"EntryPoint\",\"urlTemplate\":\"http:\\\/\\\/www.hotelvagar.fo\\\/en\\\/?s={search_term_string}\"},\"query-input\":{\"@type\":\"PropertyValueSpecification\",\"valueRequired\":true,\"valueName\":\"search_term_string\"}}],\"inLanguage\":\"en-US\"}]}<\/script>\n<!-- \/ Yoast SEO plugin. -->","yoast_head_json":{"title":"Menu Dinner - Hotel V\u00e1gar","robots":{"index":"index","follow":"follow","max-snippet":"max-snippet:-1","max-image-preview":"max-image-preview:large","max-video-preview":"max-video-preview:-1"},"canonical":"https:\/\/www.hotelvagar.fo\/en\/menu\/","og_locale":"en_US","og_type":"article","og_title":"Menu Dinner - Hotel V\u00e1gar","og_description":"Menu STARTERS FISH SOUP&nbsp;\u2013 Scallops \u2013 Sour cream 105 SMOKED SALMON&nbsp;\u2013 Fried Cauliflower \u2013 Lemon Vinaigrette \u2013 Pickled Red Onion 105 COD MOSAIC&nbsp;\u2013 Cream Cheese \u2013 Passion Fruit \u2013 Beetroot Chips 105 MAINS LANGOUSTINE&nbsp;\u2013 Limoncello Vinaigrette \u2013 Bell Pepper Mayo \u2013 Herbs 305 TERES MAJOR STEAK&nbsp;\u2013 Red Wine Sauce \u2013 Green Asparagus \u2013 Chive Oil [&hellip;]","og_url":"https:\/\/www.hotelvagar.fo\/en\/menu\/","og_site_name":"Hotel V\u00e1gar","article_modified_time":"2025-08-25T14:40:48+00:00","twitter_card":"summary_large_image","twitter_misc":{"Est. reading time":"1 minute"},"schema":{"@context":"https:\/\/schema.org","@graph":[{"@type":"WebPage","@id":"https:\/\/www.hotelvagar.fo\/en\/menu\/","url":"https:\/\/www.hotelvagar.fo\/en\/menu\/","name":"Menu Dinner - Hotel V\u00e1gar","isPartOf":{"@id":"http:\/\/www.hotelvagar.fo\/en\/#website"},"datePublished":"2024-08-20T13:18:32+00:00","dateModified":"2025-08-25T14:40:48+00:00","breadcrumb":{"@id":"https:\/\/www.hotelvagar.fo\/en\/menu\/#breadcrumb"},"inLanguage":"en-US","potentialAction":[{"@type":"ReadAction","target":["https:\/\/www.hotelvagar.fo\/en\/menu\/"]}]},{"@type":"BreadcrumbList","@id":"https:\/\/www.hotelvagar.fo\/en\/menu\/#breadcrumb","itemListElement":[{"@type":"ListItem","position":1,"name":"Home","item":"https:\/\/www.hotelvagar.fo\/en\/"},{"@type":"ListItem","position":2,"name":"Menu Dinner"}]},{"@type":"WebSite","@id":"http:\/\/www.hotelvagar.fo\/en\/#website","url":"http:\/\/www.hotelvagar.fo\/en\/","name":"Hotel V\u00e1gar","description":"","potentialAction":[{"@type":"SearchAction","target":{"@type":"EntryPoint","urlTemplate":"http:\/\/www.hotelvagar.fo\/en\/?s={search_term_string}"},"query-input":{"@type":"PropertyValueSpecification","valueRequired":true,"valueName":"search_term_string"}}],"inLanguage":"en-US"}]}},"taxonomy_info":[],"featured_image_src_large":false,"author_info":{"display_name":"Bj\u00f8rg Jarnskor","author_link":"https:\/\/www.hotelvagar.fo\/en\/author\/bjorgj\/"},"comment_info":0,"_links":{"self":[{"href":"https:\/\/www.hotelvagar.fo\/en\/wp-json\/wp\/v2\/pages\/613","targetHints":{"allow":["GET"]}}],"collection":[{"href":"https:\/\/www.hotelvagar.fo\/en\/wp-json\/wp\/v2\/pages"}],"about":[{"href":"https:\/\/www.hotelvagar.fo\/en\/wp-json\/wp\/v2\/types\/page"}],"author":[{"embeddable":true,"href":"https:\/\/www.hotelvagar.fo\/en\/wp-json\/wp\/v2\/users\/6"}],"replies":[{"embeddable":true,"href":"https:\/\/www.hotelvagar.fo\/en\/wp-json\/wp\/v2\/comments?post=613"}],"version-history":[{"count":28,"href":"https:\/\/www.hotelvagar.fo\/en\/wp-json\/wp\/v2\/pages\/613\/revisions"}],"predecessor-version":[{"id":1168,"href":"https:\/\/www.hotelvagar.fo\/en\/wp-json\/wp\/v2\/pages\/613\/revisions\/1168"}],"wp:attachment":[{"href":"https:\/\/www.hotelvagar.fo\/en\/wp-json\/wp\/v2\/media?parent=613"}],"curies":[{"name":"wp","href":"https:\/\/api.w.org\/{rel}","templated":true}]}}